{"id":349,"date":"2022-04-18T23:42:04","date_gmt":"2022-04-18T21:42:04","guid":{"rendered":"http:\/\/192.168.2.156\/snauci\/?page_id=349"},"modified":"2022-04-19T03:25:57","modified_gmt":"2022-04-19T01:25:57","slug":"storitve","status":"publish","type":"page","link":"https:\/\/www.snauci.si\/index.php\/storitve\/","title":{"rendered":"Storitve"},"content":{"rendered":"\t\t<div data-elementor-type=\"wp-page\" data-elementor-id=\"349\" class=\"elementor elementor-349\" data-elementor-post-type=\"page\">\n\t\t\t\t\t\t<section class=\"elementor-section elementor-top-section elementor-element elementor-element-2424b5a elementor-section-boxed elementor-section-height-default elementor-section-height-default\" data-id=\"2424b5a\" data-element_type=\"section\" data-e-type=\"section\">\n\t\t\t\t\t\t<div class=\"elementor-container elementor-column-gap-default\">\n\t\t\t\t\t<div class=\"elementor-column elementor-col-33 elementor-top-column elementor-element elementor-element-b2d4c26\" data-id=\"b2d4c26\" data-element_type=\"column\" data-e-type=\"column\">\n\t\t\t<div class=\"elementor-widget-wrap elementor-element-populated\">\n\t\t\t\t\t\t<div class=\"elementor-element elementor-element-ac590f8 elementor-widget elementor-widget-image\" data-id=\"ac590f8\" data-element_type=\"widget\" data-e-type=\"widget\" data-widget_type=\"image.default\">\n\t\t\t\t<div class=\"elementor-widget-container\">\n\t\t\t\t\t\t\t\t\t\t\t\t\t\t\t<img fetchpriority=\"high\" decoding=\"async\" width=\"683\" height=\"600\" src=\"https:\/\/www.snauci.si\/wp-content\/uploads\/2022\/04\/umivanje.png\" class=\"attachment-large size-large wp-image-351\" alt=\"\" srcset=\"https:\/\/www.snauci.si\/wp-content\/uploads\/2022\/04\/umivanje.png 683w, https:\/\/www.snauci.si\/wp-content\/uploads\/2022\/04\/umivanje-300x264.png 300w\" sizes=\"(max-width: 683px) 100vw, 683px\" \/>\t\t\t\t\t\t\t\t\t\t\t\t\t\t\t<\/div>\n\t\t\t\t<\/div>\n\t\t\t\t\t<\/div>\n\t\t<\/div>\n\t\t\t\t<div class=\"elementor-column elementor-col-66 elementor-top-column elementor-element elementor-element-5f85fef\" data-id=\"5f85fef\" data-element_type=\"column\" data-e-type=\"column\">\n\t\t\t<div class=\"elementor-widget-wrap elementor-element-populated\">\n\t\t\t\t\t\t<div class=\"elementor-element elementor-element-ba7ecc1 elementor-widget elementor-widget-menu-anchor\" data-id=\"ba7ecc1\" data-element_type=\"widget\" data-e-type=\"widget\" data-widget_type=\"menu-anchor.default\">\n\t\t\t\t<div class=\"elementor-widget-container\">\n\t\t\t\t\t\t\t<div class=\"elementor-menu-anchor\" id=\"KopanjeSusenje\"><\/div>\n\t\t\t\t\t\t<\/div>\n\t\t\t\t<\/div>\n\t\t\t\t<div class=\"elementor-element elementor-element-03f60a4 elementor-widget elementor-widget-heading\" data-id=\"03f60a4\" data-element_type=\"widget\" data-e-type=\"widget\" data-widget_type=\"heading.default\">\n\t\t\t\t<div class=\"elementor-widget-container\">\n\t\t\t\t\t<h1 class=\"elementor-heading-title elementor-size-default\">Kopanje in su\u0161enje<\/h1>\t\t\t\t<\/div>\n\t\t\t\t<\/div>\n\t\t\t\t<div class=\"elementor-element elementor-element-65303c1 elementor-widget elementor-widget-text-editor\" data-id=\"65303c1\" data-element_type=\"widget\" data-e-type=\"widget\" data-widget_type=\"text-editor.default\">\n\t\t\t\t<div class=\"elementor-widget-container\">\n\t\t\t\t\t\t\t\t\t<p>Va\u0161ega kosmatinca skopamo z naravnim \u0161amponom,\u00a0nato nanesemo\u00a0 balzam, ki daje dlaki mehkobo in omogo\u010da la\u017eje raz\u010desavanje.<br \/>Sledi temeljito su\u0161enje z brisa\u010do in nato s posebnim su\u0161ilcem za pasjo dlako.<\/p><p>&#8220;Kako pogosto naj kopam psa?&#8221; je pogosto vpra\u0161anje, preprostega odgovora ni. Umazanega psa, ki smrdi, je potrebno skopati. Mnoge pse je potrebno pogosteje kopati poleti, druge je treba\u00a0 redno kopati vsak mesec, le malo psov pa je treba skopati ve\u010dkrat na mesec.<\/p>\t\t\t\t\t\t\t\t<\/div>\n\t\t\t\t<\/div>\n\t\t\t\t\t<\/div>\n\t\t<\/div>\n\t\t\t\t\t<\/div>\n\t\t<\/section>\n\t\t\t\t<section class=\"elementor-section elementor-top-section elementor-element elementor-element-dd3d61c elementor-section-boxed elementor-section-height-default elementor-section-height-default\" data-id=\"dd3d61c\" data-element_type=\"section\" data-e-type=\"section\">\n\t\t\t\t\t\t<div class=\"elementor-container elementor-column-gap-default\">\n\t\t\t\t\t<div class=\"elementor-column elementor-col-66 elementor-top-column elementor-element elementor-element-bc57826\" data-id=\"bc57826\" data-element_type=\"column\" data-e-type=\"column\">\n\t\t\t<div class=\"elementor-widget-wrap elementor-element-populated\">\n\t\t\t\t\t\t<div class=\"elementor-element elementor-element-2e38fe7 elementor-widget elementor-widget-menu-anchor\" data-id=\"2e38fe7\" data-element_type=\"widget\" data-e-type=\"widget\" data-widget_type=\"menu-anchor.default\">\n\t\t\t\t<div class=\"elementor-widget-container\">\n\t\t\t\t\t\t\t<div class=\"elementor-menu-anchor\" id=\"strizenje\"><\/div>\n\t\t\t\t\t\t<\/div>\n\t\t\t\t<\/div>\n\t\t\t\t<div class=\"elementor-element elementor-element-350d547 elementor-widget elementor-widget-heading\" data-id=\"350d547\" data-element_type=\"widget\" data-e-type=\"widget\" data-widget_type=\"heading.default\">\n\t\t\t\t<div class=\"elementor-widget-container\">\n\t\t\t\t\t<h1 class=\"elementor-heading-title elementor-size-default\">Stri\u017eenje<\/h1>\t\t\t\t<\/div>\n\t\t\t\t<\/div>\n\t\t\t\t<div class=\"elementor-element elementor-element-91d3f2e elementor-widget elementor-widget-text-editor\" data-id=\"91d3f2e\" data-element_type=\"widget\" data-e-type=\"widget\" data-widget_type=\"text-editor.default\">\n\t\t\t\t<div class=\"elementor-widget-container\">\n\t\t\t\t\t\t\t\t\t<p>Psa uredimo in postri\u017eemo po pasemskih standardih ali pa po \u017eelji stranke. Pred stri\u017eenjem je potrebno psa skopati, da se la\u017eje postri\u017ee. Skopa ga lahko tudi stranka sama najve\u010d en dan pred prihodom v salon.<\/p><p>Za stri\u017eenje uporabljamo profesionalno opremo ( \u0161karje, stroj\u010dke in rezila). Orodje po vsaki uporabi steriliziramo, da prepre\u010dimo morebiten prenos bakterij oziroma oku\u017eb. Stri\u017eenje psa se izvaja izklju\u010dno na predhodno temeljito oprani, posu\u0161eni in raz\u010desani dlaki.<\/p>\t\t\t\t\t\t\t\t<\/div>\n\t\t\t\t<\/div>\n\t\t\t\t\t<\/div>\n\t\t<\/div>\n\t\t\t\t<div class=\"elementor-column elementor-col-33 elementor-top-column elementor-element elementor-element-f438fbd\" data-id=\"f438fbd\" data-element_type=\"column\" data-e-type=\"column\">\n\t\t\t<div class=\"elementor-widget-wrap elementor-element-populated\">\n\t\t\t\t\t\t<div class=\"elementor-element elementor-element-c6d6776 elementor-widget elementor-widget-image\" data-id=\"c6d6776\" data-element_type=\"widget\" data-e-type=\"widget\" data-widget_type=\"image.default\">\n\t\t\t\t<div class=\"elementor-widget-container\">\n\t\t\t\t\t\t\t\t\t\t\t\t\t\t\t<img decoding=\"async\" width=\"683\" height=\"600\" src=\"https:\/\/www.snauci.si\/wp-content\/uploads\/2022\/04\/strizenj.png\" class=\"attachment-large size-large wp-image-320\" alt=\"\" srcset=\"https:\/\/www.snauci.si\/wp-content\/uploads\/2022\/04\/strizenj.png 683w, https:\/\/www.snauci.si\/wp-content\/uploads\/2022\/04\/strizenj-300x264.png 300w\" sizes=\"(max-width: 683px) 100vw, 683px\" \/>\t\t\t\t\t\t\t\t\t\t\t\t\t\t\t<\/div>\n\t\t\t\t<\/div>\n\t\t\t\t\t<\/div>\n\t\t<\/div>\n\t\t\t\t\t<\/div>\n\t\t<\/section>\n\t\t\t\t<section class=\"elementor-section elementor-top-section elementor-element elementor-element-ca7d148 elementor-section-boxed elementor-section-height-default elementor-section-height-default\" data-id=\"ca7d148\" data-element_type=\"section\" data-e-type=\"section\">\n\t\t\t\t\t\t<div class=\"elementor-container elementor-column-gap-default\">\n\t\t\t\t\t<div class=\"elementor-column elementor-col-33 elementor-top-column elementor-element elementor-element-c35627a\" data-id=\"c35627a\" data-element_type=\"column\" data-e-type=\"column\">\n\t\t\t<div class=\"elementor-widget-wrap elementor-element-populated\">\n\t\t\t\t\t\t<div class=\"elementor-element elementor-element-b59f4b9 elementor-widget elementor-widget-image\" data-id=\"b59f4b9\" data-element_type=\"widget\" data-e-type=\"widget\" data-widget_type=\"image.default\">\n\t\t\t\t<div class=\"elementor-widget-container\">\n\t\t\t\t\t\t\t\t\t\t\t\t\t\t\t<img decoding=\"async\" width=\"683\" height=\"600\" src=\"https:\/\/www.snauci.si\/wp-content\/uploads\/2022\/04\/trimanje.png\" class=\"attachment-large size-large wp-image-321\" alt=\"\" srcset=\"https:\/\/www.snauci.si\/wp-content\/uploads\/2022\/04\/trimanje.png 683w, https:\/\/www.snauci.si\/wp-content\/uploads\/2022\/04\/trimanje-300x264.png 300w\" sizes=\"(max-width: 683px) 100vw, 683px\" \/>\t\t\t\t\t\t\t\t\t\t\t\t\t\t\t<\/div>\n\t\t\t\t<\/div>\n\t\t\t\t\t<\/div>\n\t\t<\/div>\n\t\t\t\t<div class=\"elementor-column elementor-col-66 elementor-top-column elementor-element elementor-element-3c4bacb\" data-id=\"3c4bacb\" data-element_type=\"column\" data-e-type=\"column\">\n\t\t\t<div class=\"elementor-widget-wrap elementor-element-populated\">\n\t\t\t\t\t\t<div class=\"elementor-element elementor-element-3116a4f elementor-widget elementor-widget-menu-anchor\" data-id=\"3116a4f\" data-element_type=\"widget\" data-e-type=\"widget\" data-widget_type=\"menu-anchor.default\">\n\t\t\t\t<div class=\"elementor-widget-container\">\n\t\t\t\t\t\t\t<div class=\"elementor-menu-anchor\" id=\"trimanje\"><\/div>\n\t\t\t\t\t\t<\/div>\n\t\t\t\t<\/div>\n\t\t\t\t<div class=\"elementor-element elementor-element-5610855 elementor-widget elementor-widget-heading\" data-id=\"5610855\" data-element_type=\"widget\" data-e-type=\"widget\" data-widget_type=\"heading.default\">\n\t\t\t\t<div class=\"elementor-widget-container\">\n\t\t\t\t\t<h1 class=\"elementor-heading-title elementor-size-default\">Trimanje<\/h1>\t\t\t\t<\/div>\n\t\t\t\t<\/div>\n\t\t\t\t<div class=\"elementor-element elementor-element-7f84796 elementor-widget elementor-widget-text-editor\" data-id=\"7f84796\" data-element_type=\"widget\" data-e-type=\"widget\" data-widget_type=\"text-editor.default\">\n\t\t\t\t<div class=\"elementor-widget-container\">\n\t\t\t\t\t\t\t\t\t<p>S trimanjem odstranjujemo osmrlo dlako in omogo\u010dimo da zraste nova bolj\u0161a\u00a0 dlaka.<\/p><p>Trimanje je odstranjevanje odmrle dlake pri psih s trdo, \u017eimasto dlako. Pasme s trdo, \u017eimasto dlako (\u0161navcerji, terierji, \u2026) imajo mo\u010dno in \u017eimasto zgornjo (primarno) dlako in mehkej\u0161o (sekundarno) dlako, ki jo imenujemo podlanka. Da bi ohranili zdrav in zra\u010den ko\u017euh, moramo starej\u0161e dlake odstraniti, saj le-te ne izpadejo same, in tako omogo\u010diti rast novih, zdravih dlak.<\/p><p>Psom, ki bi se jim po standardu moralo dlako trimati, vendar jih zaradi kakr\u0161nih koli razlogov brijejo, se postopoma uni\u010duje dlaka. Pasmi primerna struktura dlake se uni\u010di in tako postane mehkej\u0161a, valovita, vanjo se hitreje sprijema umazanija. Tak\u0161na dlaka je nagnjena k vozlanju, kar pripelje do srbenja in prekomerni rasti dlake. Privede lahko tudi do ko\u017enih bolezni, prav tako se zmanj\u0161a intenzivnost barve dlake.<\/p><p>Pri rednem trimanju (na pribli\u017eno 2 meseca \u2013 presledki variirajo glede na pasmo in tip dlake) navadno zraste nova plast dlake. <\/p>\t\t\t\t\t\t\t\t<\/div>\n\t\t\t\t<\/div>\n\t\t\t\t\t<\/div>\n\t\t<\/div>\n\t\t\t\t\t<\/div>\n\t\t<\/section>\n\t\t\t\t<section class=\"elementor-section elementor-top-section elementor-element elementor-element-a298164 elementor-section-boxed elementor-section-height-default elementor-section-height-default\" data-id=\"a298164\" data-element_type=\"section\" data-e-type=\"section\">\n\t\t\t\t\t\t<div class=\"elementor-container elementor-column-gap-default\">\n\t\t\t\t\t<div class=\"elementor-column elementor-col-66 elementor-top-column elementor-element elementor-element-2e94717\" data-id=\"2e94717\" data-element_type=\"column\" data-e-type=\"column\">\n\t\t\t<div class=\"elementor-widget-wrap elementor-element-populated\">\n\t\t\t\t\t\t<div class=\"elementor-element elementor-element-11a38c7 elementor-widget elementor-widget-menu-anchor\" data-id=\"11a38c7\" data-element_type=\"widget\" data-e-type=\"widget\" data-widget_type=\"menu-anchor.default\">\n\t\t\t\t<div class=\"elementor-widget-container\">\n\t\t\t\t\t\t\t<div class=\"elementor-menu-anchor\" id=\"usesa\"><\/div>\n\t\t\t\t\t\t<\/div>\n\t\t\t\t<\/div>\n\t\t\t\t<div class=\"elementor-element elementor-element-ce1fb90 elementor-widget elementor-widget-heading\" data-id=\"ce1fb90\" data-element_type=\"widget\" data-e-type=\"widget\" data-widget_type=\"heading.default\">\n\t\t\t\t<div class=\"elementor-widget-container\">\n\t\t\t\t\t<h1 class=\"elementor-heading-title elementor-size-default\">Nega u\u0161es, blazinic in krempljev<\/h1>\t\t\t\t<\/div>\n\t\t\t\t<\/div>\n\t\t\t\t<div class=\"elementor-element elementor-element-2538857 elementor-widget elementor-widget-text-editor\" data-id=\"2538857\" data-element_type=\"widget\" data-e-type=\"widget\" data-widget_type=\"text-editor.default\">\n\t\t\t\t<div class=\"elementor-widget-container\">\n\t\t\t\t\t\t\t\t\t<p>Kremplje je potrebno redno kraj\u0161ati v primeru da se same ne obrabljajo (manj\u0161e pasme, starej\u0161i psi) . V na\u0161em salonu ku\u017eku preverimo dol\u017eino krempljev in odstri\u017eemo koliko je potrebno.<\/p><p>Nega blazinic vklju\u010duje odstranjevanje dlak med blazinicami in njihovo za\u0161\u010dito z naravnimi proizvodi, kar je pomembno predvsem v poletnih vro\u010dih mesecih in zimskem mrazu.<\/p><p>U\u0161esno maslo in ne\u010disto\u010de odstranjujemo z u\u0161esno teko\u010dino ter ko\u0161\u010dkom mehke bomba\u017ene vate. Po potrebi dlako iz u\u0161esa tudi populimo.<\/p>\t\t\t\t\t\t\t\t<\/div>\n\t\t\t\t<\/div>\n\t\t\t\t\t<\/div>\n\t\t<\/div>\n\t\t\t\t<div class=\"elementor-column elementor-col-33 elementor-top-column elementor-element elementor-element-b26475a\" data-id=\"b26475a\" data-element_type=\"column\" data-e-type=\"column\">\n\t\t\t<div class=\"elementor-widget-wrap elementor-element-populated\">\n\t\t\t\t\t\t<div class=\"elementor-element elementor-element-e95d22c elementor-widget elementor-widget-image\" data-id=\"e95d22c\" data-element_type=\"widget\" data-e-type=\"widget\" data-widget_type=\"image.default\">\n\t\t\t\t<div class=\"elementor-widget-container\">\n\t\t\t\t\t\t\t\t\t\t\t\t\t\t\t<img loading=\"lazy\" decoding=\"async\" width=\"683\" height=\"600\" src=\"https:\/\/www.snauci.si\/wp-content\/uploads\/2022\/04\/usesa.png\" class=\"attachment-large size-large wp-image-356\" alt=\"\" srcset=\"https:\/\/www.snauci.si\/wp-content\/uploads\/2022\/04\/usesa.png 683w, https:\/\/www.snauci.si\/wp-content\/uploads\/2022\/04\/usesa-300x264.png 300w\" sizes=\"(max-width: 683px) 100vw, 683px\" \/>\t\t\t\t\t\t\t\t\t\t\t\t\t\t\t<\/div>\n\t\t\t\t<\/div>\n\t\t\t\t\t<\/div>\n\t\t<\/div>\n\t\t\t\t\t<\/div>\n\t\t<\/section>\n\t\t\t\t<section class=\"elementor-section elementor-top-section elementor-element elementor-element-0d41280 elementor-section-boxed elementor-section-height-default elementor-section-height-default\" data-id=\"0d41280\" data-element_type=\"section\" data-e-type=\"section\">\n\t\t\t\t\t\t<div class=\"elementor-container elementor-column-gap-default\">\n\t\t\t\t\t<div class=\"elementor-column elementor-col-50 elementor-top-column elementor-element elementor-element-227256b\" data-id=\"227256b\" data-element_type=\"column\" data-e-type=\"column\">\n\t\t\t<div class=\"elementor-widget-wrap elementor-element-populated\">\n\t\t\t\t\t\t<div class=\"elementor-element elementor-element-9303c1d elementor-widget elementor-widget-heading\" data-id=\"9303c1d\" data-element_type=\"widget\" data-e-type=\"widget\" data-widget_type=\"heading.default\">\n\t\t\t\t<div class=\"elementor-widget-container\">\n\t\t\t\t\t<h1 class=\"elementor-heading-title elementor-size-default\">Korekcijsko stri\u017eenje<\/h1>\t\t\t\t<\/div>\n\t\t\t\t<\/div>\n\t\t\t\t<div class=\"elementor-element elementor-element-43b3f80 elementor-widget elementor-widget-text-editor\" data-id=\"43b3f80\" data-element_type=\"widget\" data-e-type=\"widget\" data-widget_type=\"text-editor.default\">\n\t\t\t\t<div class=\"elementor-widget-container\">\n\t\t\t\t\t\t\t\t\t<p>Korekcijsko stri\u017eenje vklju\u010duje higiensko korekcijo na predelu o\u010di, ta\u010dk in intimnih predelov.<\/p>\t\t\t\t\t\t\t\t<\/div>\n\t\t\t\t<\/div>\n\t\t\t\t\t<\/div>\n\t\t<\/div>\n\t\t\t\t<div class=\"elementor-column elementor-col-50 elementor-top-column elementor-element elementor-element-c98c63b\" data-id=\"c98c63b\" data-element_type=\"column\" data-e-type=\"column\">\n\t\t\t<div class=\"elementor-widget-wrap elementor-element-populated\">\n\t\t\t\t\t\t<div class=\"elementor-element elementor-element-f849780 elementor-widget elementor-widget-heading\" data-id=\"f849780\" data-element_type=\"widget\" data-e-type=\"widget\" data-widget_type=\"heading.default\">\n\t\t\t\t<div class=\"elementor-widget-container\">\n\t\t\t\t\t<h1 class=\"elementor-heading-title elementor-size-default\">Celotna nega<\/h1>\t\t\t\t<\/div>\n\t\t\t\t<\/div>\n\t\t\t\t<div class=\"elementor-element elementor-element-a3a22b0 elementor-widget elementor-widget-text-editor\" data-id=\"a3a22b0\" data-element_type=\"widget\" data-e-type=\"widget\" data-widget_type=\"text-editor.default\">\n\t\t\t\t<div class=\"elementor-widget-container\">\n\t\t\t\t\t\t\t\t\t<p>V okviru celotne nege se lahko opravi vse, kar je potrebno za popolno urejenost posameznega psa.<\/p><p>Celotna nega vklju\u010duje kopanje s \u0161amponom in balzamom, su\u0161enje, raz\u010desavanje in odstranjevanje odmrle podlanke (do 15 min), stri\u017eenje (strojno in\/ali s \u0161karjami), urejanje ta\u010dk ( stri\u017eenje dlake med blazinicami in kraj\u0161anje krempljev), \u010di\u0161\u010denje u\u0161es, \u010di\u0161\u010denje obo\u010desne dlake.<\/p>\t\t\t\t\t\t\t\t<\/div>\n\t\t\t\t<\/div>\n\t\t\t\t\t<\/div>\n\t\t<\/div>\n\t\t\t\t\t<\/div>\n\t\t<\/section>\n\t\t\t\t<\/div>\n\t\t","protected":false},"excerpt":{"rendered":"<p>Kopanje in su\u0161enje Va\u0161ega kosmatinca skopamo z naravnim \u0161amponom,\u00a0nato nanesemo\u00a0 balzam, ki daje dlaki mehkobo in omogo\u010da la\u017eje raz\u010desavanje.Sledi temeljito su\u0161enje z brisa\u010do in nato s posebnim su\u0161ilcem za pasjo dlako. &#8220;Kako pogosto naj kopam psa?&#8221; je pogosto vpra\u0161anje, preprostega odgovora ni. Umazanega psa, ki smrdi, je potrebno skopati. Mnoge pse je potrebno pogosteje kopati [&hellip;]<\/p>\n","protected":false},"author":1,"featured_media":0,"parent":0,"menu_order":0,"comment_status":"closed","ping_status":"closed","template":"","meta":{"footnotes":""},"class_list":["post-349","page","type-page","status-publish","hentry"],"_links":{"self":[{"href":"https:\/\/www.snauci.si\/index.php\/wp-json\/wp\/v2\/pages\/349","targetHints":{"allow":["GET"]}}],"collection":[{"href":"https:\/\/www.snauci.si\/index.php\/wp-json\/wp\/v2\/pages"}],"about":[{"href":"https:\/\/www.snauci.si\/index.php\/wp-json\/wp\/v2\/types\/page"}],"author":[{"embeddable":true,"href":"https:\/\/www.snauci.si\/index.php\/wp-json\/wp\/v2\/users\/1"}],"replies":[{"embeddable":true,"href":"https:\/\/www.snauci.si\/index.php\/wp-json\/wp\/v2\/comments?post=349"}],"version-history":[{"count":28,"href":"https:\/\/www.snauci.si\/index.php\/wp-json\/wp\/v2\/pages\/349\/revisions"}],"predecessor-version":[{"id":408,"href":"https:\/\/www.snauci.si\/index.php\/wp-json\/wp\/v2\/pages\/349\/revisions\/408"}],"wp:attachment":[{"href":"https:\/\/www.snauci.si\/index.php\/wp-json\/wp\/v2\/media?parent=349"}],"curies":[{"name":"wp","href":"https:\/\/api.w.org\/{rel}","templated":true}]}}