{"id":33,"date":"2022-04-10T22:54:27","date_gmt":"2022-04-10T20:54:27","guid":{"rendered":"http:\/\/192.168.2.156\/snauci\/index.php\/home\/"},"modified":"2022-04-19T00:09:28","modified_gmt":"2022-04-18T22:09:28","slug":"home","status":"publish","type":"page","link":"https:\/\/www.snauci.si\/","title":{"rendered":"Domov"},"content":{"rendered":"\t\t<div data-elementor-type=\"wp-page\" data-elementor-id=\"33\" class=\"elementor elementor-33\" data-elementor-post-type=\"page\">\n\t\t\t\t\t\t<section class=\"elementor-section elementor-top-section elementor-element elementor-element-3a1635f7 elementor-section-height-min-height elementor-section-content-middle elementor-section-boxed elementor-section-height-default elementor-section-items-middle\" data-id=\"3a1635f7\" data-element_type=\"section\" data-e-type=\"section\" data-settings=\"{&quot;background_background&quot;:&quot;classic&quot;}\">\n\t\t\t\t\t\t<div class=\"elementor-container elementor-column-gap-no\">\n\t\t\t\t\t<div class=\"elementor-column elementor-col-100 elementor-top-column elementor-element elementor-element-5a3e9b87\" data-id=\"5a3e9b87\" data-element_type=\"column\" data-e-type=\"column\">\n\t\t\t<div class=\"elementor-widget-wrap elementor-element-populated\">\n\t\t\t\t\t\t<div class=\"elementor-element elementor-element-c356f51 animated-slow elementor-invisible elementor-widget elementor-widget-heading\" data-id=\"c356f51\" data-element_type=\"widget\" data-e-type=\"widget\" data-settings=\"{&quot;_animation&quot;:&quot;fadeIn&quot;,&quot;_animation_delay&quot;:1000}\" data-widget_type=\"heading.default\">\n\t\t\t\t<div class=\"elementor-widget-container\">\n\t\t\t\t\t<h1 class=\"elementor-heading-title elementor-size-default\">Prijazen salon za urejanje  pasjih kosmatincev<\/h1>\t\t\t\t<\/div>\n\t\t\t\t<\/div>\n\t\t\t\t<div class=\"elementor-element elementor-element-51ef97c2 animated-slow elementor-invisible elementor-widget elementor-widget-heading\" data-id=\"51ef97c2\" data-element_type=\"widget\" data-e-type=\"widget\" data-settings=\"{&quot;_animation&quot;:&quot;fadeIn&quot;,&quot;_animation_delay&quot;:1000}\" data-widget_type=\"heading.default\">\n\t\t\t\t<div class=\"elementor-widget-container\">\n\t\t\t\t\t<h5 class=\"elementor-heading-title elementor-size-default\">Nudimo vse, da bo va\u0161 ku\u017ea \u010dist in urejen \u2013 ga po\u010de\u0161emo, skopamo, pristri\u017eemo krempelj\u010dke, o\u010distimo ta\u010dke in uhlje, postri\u017eemo ali trmamo, ter na koncu nagradimo za potrpe\u017eljivost. Sprejemamo vse pasme psov.\nLastnikom  tudi svetujemo kako sami urejajo psa med ali namesto obiskov salona in priporo\u010damo opremo ter tehnike za urejanje.\n\u010ce ste v Mariboru ali okolici lahko va\u0161ega psa tudi pripeljemo\/odpeljemo na dom.<\/h5>\t\t\t\t<\/div>\n\t\t\t\t<\/div>\n\t\t\t\t<div class=\"elementor-element elementor-element-1ba7e137 elementor-align-center animated-slow elementor-invisible elementor-widget elementor-widget-button\" data-id=\"1ba7e137\" data-element_type=\"widget\" data-e-type=\"widget\" data-settings=\"{&quot;_animation&quot;:&quot;fadeIn&quot;,&quot;_animation_delay&quot;:1000}\" data-widget_type=\"button.default\">\n\t\t\t\t<div class=\"elementor-widget-container\">\n\t\t\t\t\t\t\t\t\t<div class=\"elementor-button-wrapper\">\n\t\t\t\t\t<a class=\"elementor-button elementor-button-link elementor-size-sm elementor-animation-grow\" href=\"https:\/\/www.snauci.si\/index.php\/o-salonu\/\">\n\t\t\t\t\t\t<span class=\"elementor-button-content-wrapper\">\n\t\t\t\t\t\t\t\t\t<span class=\"elementor-button-text\">O salonu<\/span>\n\t\t\t\t\t<\/span>\n\t\t\t\t\t<\/a>\n\t\t\t\t<\/div>\n\t\t\t\t\t\t\t\t<\/div>\n\t\t\t\t<\/div>\n\t\t\t\t\t<\/div>\n\t\t<\/div>\n\t\t\t\t\t<\/div>\n\t\t<\/section>\n\t\t\t\t<section class=\"elementor-section elementor-top-section elementor-element elementor-element-66e267bf elementor-section-boxed elementor-section-height-default elementor-section-height-default\" data-id=\"66e267bf\" data-element_type=\"section\" data-e-type=\"section\">\n\t\t\t\t\t\t<div class=\"elementor-container elementor-column-gap-no\">\n\t\t\t\t\t<div class=\"elementor-column elementor-col-100 elementor-top-column elementor-element elementor-element-4e32de1e\" data-id=\"4e32de1e\" data-element_type=\"column\" data-e-type=\"column\">\n\t\t\t<div class=\"elementor-widget-wrap elementor-element-populated\">\n\t\t\t\t\t\t<div class=\"elementor-element elementor-element-480aa109 elementor-widget elementor-widget-heading\" data-id=\"480aa109\" data-element_type=\"widget\" data-e-type=\"widget\" data-widget_type=\"heading.default\">\n\t\t\t\t<div class=\"elementor-widget-container\">\n\t\t\t\t\t<h2 class=\"elementor-heading-title elementor-size-default\">Storitve<\/h2>\t\t\t\t<\/div>\n\t\t\t\t<\/div>\n\t\t\t\t<div class=\"elementor-element elementor-element-106898e3 elementor-widget elementor-widget-heading\" data-id=\"106898e3\" data-element_type=\"widget\" data-e-type=\"widget\" data-widget_type=\"heading.default\">\n\t\t\t\t<div class=\"elementor-widget-container\">\n\t\t\t\t\t<h5 class=\"elementor-heading-title elementor-size-default\">Nudimo razli\u010dne storitve nege psov.<\/h5>\t\t\t\t<\/div>\n\t\t\t\t<\/div>\n\t\t\t\t<section class=\"elementor-section elementor-inner-section elementor-element elementor-element-43af626a elementor-section-full_width elementor-section-height-default elementor-section-height-default\" data-id=\"43af626a\" data-element_type=\"section\" data-e-type=\"section\">\n\t\t\t\t\t\t<div class=\"elementor-container elementor-column-gap-no\">\n\t\t\t\t\t<div class=\"elementor-column elementor-col-25 elementor-inner-column elementor-element elementor-element-1f3f48c9\" data-id=\"1f3f48c9\" data-element_type=\"column\" data-e-type=\"column\">\n\t\t\t<div class=\"elementor-widget-wrap elementor-element-populated\">\n\t\t\t\t\t\t<div class=\"elementor-element elementor-element-54ed29b0 elementor-position-top elementor-widget elementor-widget-image-box\" data-id=\"54ed29b0\" data-element_type=\"widget\" data-e-type=\"widget\" data-widget_type=\"image-box.default\">\n\t\t\t\t<div class=\"elementor-widget-container\">\n\t\t\t\t\t<div class=\"elementor-image-box-wrapper\"><figure class=\"elementor-image-box-img\"><a href=\"https:\/\/www.snauci.si\/index.php\/storitve#kopanje\" tabindex=\"-1\"><img fetchpriority=\"high\" decoding=\"async\" width=\"683\" height=\"600\" src=\"https:\/\/www.snauci.si\/wp-content\/uploads\/2022\/04\/umivanje.png\" class=\"elementor-animation-grow attachment-full size-full wp-image-351\" alt=\"\" srcset=\"https:\/\/www.snauci.si\/wp-content\/uploads\/2022\/04\/umivanje.png 683w, https:\/\/www.snauci.si\/wp-content\/uploads\/2022\/04\/umivanje-300x264.png 300w\" sizes=\"(max-width: 683px) 100vw, 683px\" \/><\/a><\/figure><div class=\"elementor-image-box-content\"><h4 class=\"elementor-image-box-title\"><a href=\"https:\/\/www.snauci.si\/index.php\/storitve#kopanje\">Kopanje in su\u0161enje<\/a><\/h4><p class=\"elementor-image-box-description\">Va\u0161ega kosmatinca skopamo z naravnim \u0161amponom in posu\u0161imo.<\/p><\/div><\/div>\t\t\t\t<\/div>\n\t\t\t\t<\/div>\n\t\t\t\t\t<\/div>\n\t\t<\/div>\n\t\t\t\t<div class=\"elementor-column elementor-col-25 elementor-inner-column elementor-element elementor-element-7e25b068\" data-id=\"7e25b068\" data-element_type=\"column\" data-e-type=\"column\">\n\t\t\t<div class=\"elementor-widget-wrap elementor-element-populated\">\n\t\t\t\t\t\t<div class=\"elementor-element elementor-element-4b00aeb1 elementor-position-top elementor-widget elementor-widget-image-box\" data-id=\"4b00aeb1\" data-element_type=\"widget\" data-e-type=\"widget\" data-widget_type=\"image-box.default\">\n\t\t\t\t<div class=\"elementor-widget-container\">\n\t\t\t\t\t<div class=\"elementor-image-box-wrapper\"><figure class=\"elementor-image-box-img\"><a href=\"https:\/\/www.snauci.si\/index.php\/storitve#strizenje\" tabindex=\"-1\"><img decoding=\"async\" width=\"683\" height=\"600\" src=\"https:\/\/www.snauci.si\/wp-content\/uploads\/2022\/04\/strizenj.png\" class=\"elementor-animation-grow attachment-full size-full wp-image-320\" alt=\"\" srcset=\"https:\/\/www.snauci.si\/wp-content\/uploads\/2022\/04\/strizenj.png 683w, https:\/\/www.snauci.si\/wp-content\/uploads\/2022\/04\/strizenj-300x264.png 300w\" sizes=\"(max-width: 683px) 100vw, 683px\" \/><\/a><\/figure><div class=\"elementor-image-box-content\"><h4 class=\"elementor-image-box-title\"><a href=\"https:\/\/www.snauci.si\/index.php\/storitve#strizenje\">Stri\u017eenje<\/a><\/h4><p class=\"elementor-image-box-description\">Psa uredimo in postri\u017eemo po pasemskih standardih ali pa po \u017eelji stranke.<\/p><\/div><\/div>\t\t\t\t<\/div>\n\t\t\t\t<\/div>\n\t\t\t\t\t<\/div>\n\t\t<\/div>\n\t\t\t\t<div class=\"elementor-column elementor-col-25 elementor-inner-column elementor-element elementor-element-48a8ebcd\" data-id=\"48a8ebcd\" data-element_type=\"column\" data-e-type=\"column\">\n\t\t\t<div class=\"elementor-widget-wrap elementor-element-populated\">\n\t\t\t\t\t\t<div class=\"elementor-element elementor-element-3b51b1b7 elementor-position-top elementor-widget elementor-widget-image-box\" data-id=\"3b51b1b7\" data-element_type=\"widget\" data-e-type=\"widget\" data-widget_type=\"image-box.default\">\n\t\t\t\t<div class=\"elementor-widget-container\">\n\t\t\t\t\t<div class=\"elementor-image-box-wrapper\"><figure class=\"elementor-image-box-img\"><a href=\"https:\/\/www.snauci.si\/index.php\/storitve#trimanje\" tabindex=\"-1\"><img decoding=\"async\" width=\"683\" height=\"600\" src=\"https:\/\/www.snauci.si\/wp-content\/uploads\/2022\/04\/trimanje.png\" class=\"elementor-animation-grow attachment-full size-full wp-image-321\" alt=\"\" srcset=\"https:\/\/www.snauci.si\/wp-content\/uploads\/2022\/04\/trimanje.png 683w, https:\/\/www.snauci.si\/wp-content\/uploads\/2022\/04\/trimanje-300x264.png 300w\" sizes=\"(max-width: 683px) 100vw, 683px\" \/><\/a><\/figure><div class=\"elementor-image-box-content\"><h4 class=\"elementor-image-box-title\"><a href=\"https:\/\/www.snauci.si\/index.php\/storitve#trimanje\">Trimanje<\/a><\/h4><p class=\"elementor-image-box-description\">S trimanjem odstranjujemo osmrlo dlako in omogo\u010dimo da zraste nova bolj\u0161a  dlaka.<\/p><\/div><\/div>\t\t\t\t<\/div>\n\t\t\t\t<\/div>\n\t\t\t\t\t<\/div>\n\t\t<\/div>\n\t\t\t\t<div class=\"elementor-column elementor-col-25 elementor-inner-column elementor-element elementor-element-c316319\" data-id=\"c316319\" data-element_type=\"column\" data-e-type=\"column\">\n\t\t\t<div class=\"elementor-widget-wrap elementor-element-populated\">\n\t\t\t\t\t\t<div class=\"elementor-element elementor-element-2124bbd7 elementor-position-top elementor-widget elementor-widget-image-box\" data-id=\"2124bbd7\" data-element_type=\"widget\" data-e-type=\"widget\" data-widget_type=\"image-box.default\">\n\t\t\t\t<div class=\"elementor-widget-container\">\n\t\t\t\t\t<div class=\"elementor-image-box-wrapper\"><figure class=\"elementor-image-box-img\"><a href=\"https:\/\/www.snauci.si\/index.php\/storitve#usesa\" tabindex=\"-1\"><img loading=\"lazy\" decoding=\"async\" width=\"683\" height=\"600\" src=\"https:\/\/www.snauci.si\/wp-content\/uploads\/2022\/04\/usesa.png\" class=\"elementor-animation-grow attachment-full size-full wp-image-356\" alt=\"\" srcset=\"https:\/\/www.snauci.si\/wp-content\/uploads\/2022\/04\/usesa.png 683w, https:\/\/www.snauci.si\/wp-content\/uploads\/2022\/04\/usesa-300x264.png 300w\" sizes=\"(max-width: 683px) 100vw, 683px\" \/><\/a><\/figure><div class=\"elementor-image-box-content\"><h4 class=\"elementor-image-box-title\"><a href=\"https:\/\/www.snauci.si\/index.php\/storitve#usesa\">Nega u\u0161es, blazinic in krempljev<\/a><\/h4><p class=\"elementor-image-box-description\">Kremplje je potrebno redno kraj\u0161ati v primeru da se sami ne obrabljajo.<\/p><\/div><\/div>\t\t\t\t<\/div>\n\t\t\t\t<\/div>\n\t\t\t\t\t<\/div>\n\t\t<\/div>\n\t\t\t\t\t<\/div>\n\t\t<\/section>\n\t\t\t\t<div class=\"elementor-element elementor-element-5870fca0 elementor-align-center animated-slow elementor-invisible elementor-widget elementor-widget-button\" data-id=\"5870fca0\" data-element_type=\"widget\" data-e-type=\"widget\" data-settings=\"{&quot;_animation&quot;:&quot;fadeIn&quot;}\" data-widget_type=\"button.default\">\n\t\t\t\t<div class=\"elementor-widget-container\">\n\t\t\t\t\t\t\t\t\t<div class=\"elementor-button-wrapper\">\n\t\t\t\t\t<a class=\"elementor-button elementor-button-link elementor-size-sm elementor-animation-grow\" href=\"https:\/\/library.elementor.com\/local-services-wireframe-2\/our-services\/\">\n\t\t\t\t\t\t<span class=\"elementor-button-content-wrapper\">\n\t\t\t\t\t\t\t\t\t<span class=\"elementor-button-text\">Vse storitve<\/span>\n\t\t\t\t\t<\/span>\n\t\t\t\t\t<\/a>\n\t\t\t\t<\/div>\n\t\t\t\t\t\t\t\t<\/div>\n\t\t\t\t<\/div>\n\t\t\t\t\t<\/div>\n\t\t<\/div>\n\t\t\t\t\t<\/div>\n\t\t<\/section>\n\t\t\t\t<section class=\"elementor-section elementor-top-section elementor-element elementor-element-261aae14 elementor-section-content-middle elementor-reverse-mobile elementor-section-height-min-height elementor-section-items-stretch elementor-reverse-tablet elementor-section-boxed elementor-section-height-default\" data-id=\"261aae14\" data-element_type=\"section\" data-e-type=\"section\">\n\t\t\t\t\t\t<div class=\"elementor-container elementor-column-gap-no\">\n\t\t\t\t\t<div class=\"elementor-column elementor-col-50 elementor-top-column elementor-element elementor-element-4757043\" data-id=\"4757043\" data-element_type=\"column\" data-e-type=\"column\">\n\t\t\t<div class=\"elementor-widget-wrap elementor-element-populated\">\n\t\t\t\t\t\t<div class=\"elementor-element elementor-element-352e4c1 elementor-widget elementor-widget-image\" data-id=\"352e4c1\" data-element_type=\"widget\" data-e-type=\"widget\" data-widget_type=\"image.default\">\n\t\t\t\t<div class=\"elementor-widget-container\">\n\t\t\t\t\t\t\t\t\t\t\t\t\t\t\t<img loading=\"lazy\" decoding=\"async\" width=\"533\" height=\"747\" src=\"https:\/\/www.snauci.si\/wp-content\/uploads\/2022\/04\/cenik-1.png\" class=\"attachment-full size-full wp-image-400\" alt=\"\" srcset=\"https:\/\/www.snauci.si\/wp-content\/uploads\/2022\/04\/cenik-1.png 533w, https:\/\/www.snauci.si\/wp-content\/uploads\/2022\/04\/cenik-1-214x300.png 214w\" sizes=\"(max-width: 533px) 100vw, 533px\" \/>\t\t\t\t\t\t\t\t\t\t\t\t\t\t\t<\/div>\n\t\t\t\t<\/div>\n\t\t\t\t\t<\/div>\n\t\t<\/div>\n\t\t\t\t<div class=\"elementor-column elementor-col-50 elementor-top-column elementor-element elementor-element-697313a0\" data-id=\"697313a0\" data-element_type=\"column\" data-e-type=\"column\">\n\t\t\t<div class=\"elementor-widget-wrap elementor-element-populated\">\n\t\t\t\t\t\t<div class=\"elementor-element elementor-element-161ff2b3 elementor-widget elementor-widget-heading\" data-id=\"161ff2b3\" data-element_type=\"widget\" data-e-type=\"widget\" data-widget_type=\"heading.default\">\n\t\t\t\t<div class=\"elementor-widget-container\">\n\t\t\t\t\t<h2 class=\"elementor-heading-title elementor-size-default\">Cene storitev<\/h2>\t\t\t\t<\/div>\n\t\t\t\t<\/div>\n\t\t\t\t<div class=\"elementor-element elementor-element-7a954588 elementor-widget elementor-widget-text-editor\" data-id=\"7a954588\" data-element_type=\"widget\" data-e-type=\"widget\" data-widget_type=\"text-editor.default\">\n\t\t\t\t<div class=\"elementor-widget-container\">\n\t\t\t\t\t\t\t\t\t<p>Cene na\u0161ih storitev si lahko ogledate v ceniku.<\/p>\t\t\t\t\t\t\t\t<\/div>\n\t\t\t\t<\/div>\n\t\t\t\t<div class=\"elementor-element elementor-element-3c0f3d2 elementor-align-left animated-slow elementor-invisible elementor-widget elementor-widget-button\" data-id=\"3c0f3d2\" data-element_type=\"widget\" data-e-type=\"widget\" data-settings=\"{&quot;_animation&quot;:&quot;fadeIn&quot;,&quot;_animation_delay&quot;:400}\" data-widget_type=\"button.default\">\n\t\t\t\t<div class=\"elementor-widget-container\">\n\t\t\t\t\t\t\t\t\t<div class=\"elementor-button-wrapper\">\n\t\t\t\t\t<a class=\"elementor-button elementor-button-link elementor-size-sm elementor-animation-grow\" href=\"https:\/\/www.snauci.si\/index.php\/cenik\/\">\n\t\t\t\t\t\t<span class=\"elementor-button-content-wrapper\">\n\t\t\t\t\t\t\t\t\t<span class=\"elementor-button-text\">CEnik<\/span>\n\t\t\t\t\t<\/span>\n\t\t\t\t\t<\/a>\n\t\t\t\t<\/div>\n\t\t\t\t\t\t\t\t<\/div>\n\t\t\t\t<\/div>\n\t\t\t\t\t<\/div>\n\t\t<\/div>\n\t\t\t\t\t<\/div>\n\t\t<\/section>\n\t\t\t\t<\/div>\n\t\t","protected":false},"excerpt":{"rendered":"<p>Prijazen salon za urejanje pasjih kosmatincev Nudimo vse, da bo va\u0161 ku\u017ea \u010dist in urejen \u2013 ga po\u010de\u0161emo, skopamo, pristri\u017eemo krempelj\u010dke, o\u010distimo ta\u010dke in uhlje, postri\u017eemo ali trmamo, ter na koncu nagradimo za potrpe\u017eljivost. Sprejemamo vse pasme psov. Lastnikom tudi svetujemo kako sami urejajo psa med ali namesto obiskov salona in priporo\u010damo opremo ter tehnike [&hellip;]<\/p>\n","protected":false},"author":1,"featured_media":0,"parent":0,"menu_order":0,"comment_status":"closed","ping_status":"closed","template":"elementor_header_footer","meta":{"footnotes":""},"class_list":["post-33","page","type-page","status-publish","hentry"],"_links":{"self":[{"href":"https:\/\/www.snauci.si\/index.php\/wp-json\/wp\/v2\/pages\/33","targetHints":{"allow":["GET"]}}],"collection":[{"href":"https:\/\/www.snauci.si\/index.php\/wp-json\/wp\/v2\/pages"}],"about":[{"href":"https:\/\/www.snauci.si\/index.php\/wp-json\/wp\/v2\/types\/page"}],"author":[{"embeddable":true,"href":"https:\/\/www.snauci.si\/index.php\/wp-json\/wp\/v2\/users\/1"}],"replies":[{"embeddable":true,"href":"https:\/\/www.snauci.si\/index.php\/wp-json\/wp\/v2\/comments?post=33"}],"version-history":[{"count":127,"href":"https:\/\/www.snauci.si\/index.php\/wp-json\/wp\/v2\/pages\/33\/revisions"}],"predecessor-version":[{"id":403,"href":"https:\/\/www.snauci.si\/index.php\/wp-json\/wp\/v2\/pages\/33\/revisions\/403"}],"wp:attachment":[{"href":"https:\/\/www.snauci.si\/index.php\/wp-json\/wp\/v2\/media?parent=33"}],"curies":[{"name":"wp","href":"https:\/\/api.w.org\/{rel}","templated":true}]}}