{"id":266,"date":"2022-04-18T22:40:06","date_gmt":"2022-04-18T20:40:06","guid":{"rendered":"http:\/\/192.168.2.156\/snauci\/?page_id=266"},"modified":"2022-04-18T23:07:36","modified_gmt":"2022-04-18T21:07:36","slug":"o-salonu","status":"publish","type":"page","link":"https:\/\/www.snauci.si\/index.php\/o-salonu\/","title":{"rendered":"O salonu"},"content":{"rendered":"\t\t<div data-elementor-type=\"wp-page\" data-elementor-id=\"266\" class=\"elementor elementor-266\" data-elementor-post-type=\"page\">\n\t\t\t\t\t\t<section class=\"elementor-section elementor-top-section elementor-element elementor-element-5a66a18 elementor-section-boxed elementor-section-height-default elementor-section-height-default\" data-id=\"5a66a18\" data-element_type=\"section\" data-e-type=\"section\">\n\t\t\t\t\t\t<div class=\"elementor-container elementor-column-gap-default\">\n\t\t\t\t\t<div class=\"elementor-column elementor-col-100 elementor-top-column elementor-element elementor-element-cb0cecf\" data-id=\"cb0cecf\" data-element_type=\"column\" data-e-type=\"column\">\n\t\t\t<div class=\"elementor-widget-wrap elementor-element-populated\">\n\t\t\t\t\t\t<div class=\"elementor-element elementor-element-f0e7ff0 elementor-widget elementor-widget-heading\" data-id=\"f0e7ff0\" data-element_type=\"widget\" data-e-type=\"widget\" data-widget_type=\"heading.default\">\n\t\t\t\t<div class=\"elementor-widget-container\">\n\t\t\t\t\t<h1 class=\"elementor-heading-title elementor-size-default\">O salonu <\/h1>\t\t\t\t<\/div>\n\t\t\t\t<\/div>\n\t\t\t\t<div class=\"elementor-element elementor-element-5db09ae elementor-widget elementor-widget-image\" data-id=\"5db09ae\" data-element_type=\"widget\" data-e-type=\"widget\" data-widget_type=\"image.default\">\n\t\t\t\t<div class=\"elementor-widget-container\">\n\t\t\t\t\t\t\t\t\t\t\t\t\t\t\t<img fetchpriority=\"high\" decoding=\"async\" width=\"1920\" height=\"640\" src=\"https:\/\/www.snauci.si\/wp-content\/uploads\/2022\/04\/banner.png\" class=\"attachment-full size-full wp-image-287\" alt=\"\" srcset=\"https:\/\/www.snauci.si\/wp-content\/uploads\/2022\/04\/banner.png 1920w, https:\/\/www.snauci.si\/wp-content\/uploads\/2022\/04\/banner-1536x512.png 1536w, https:\/\/www.snauci.si\/wp-content\/uploads\/2022\/04\/banner-300x100.png 300w, https:\/\/www.snauci.si\/wp-content\/uploads\/2022\/04\/banner-768x256.png 768w, https:\/\/www.snauci.si\/wp-content\/uploads\/2022\/04\/banner-1024x341.png 1024w\" sizes=\"(max-width: 1920px) 100vw, 1920px\" \/>\t\t\t\t\t\t\t\t\t\t\t\t\t\t\t<\/div>\n\t\t\t\t<\/div>\n\t\t\t\t<div class=\"elementor-element elementor-element-06866ae elementor-widget elementor-widget-text-editor\" data-id=\"06866ae\" data-element_type=\"widget\" data-e-type=\"widget\" data-widget_type=\"text-editor.default\">\n\t\t\t\t<div class=\"elementor-widget-container\">\n\t\t\t\t\t\t\t\t\t<p>\u0160nauci<\/p><p>Prijazen salon za urejanje\u00a0 pasjih kosmatincev.<\/p><p>Nudimo vse, da bo va\u0161 ku\u017ea \u010dist in urejen \u2013 ga po\u010de\u0161emo, skopamo, pristri\u017eemo krempelj\u010dke, o\u010distimo ta\u010dke in uhlje, postri\u017eemo ali trmamo, ter na koncu nagradimo za potrpe\u017eljivost. Sprejemamo vse pasme psov.<\/p><p>Lastnikom \u00a0tudi svetujemo kako sami urejajo psa med ali namesto obiskov salona in priporo\u010damo opremo ter tehnike za urejanje.<\/p><p>\u010ce ste v Mariboru ali okolici lahko va\u0161ega psa tudi pripeljemo\/odpeljemo na dom.<\/p><p>Kot lastnica \u0161navcerjev od otro\u0161tva sem se bila pred leti skorajda prisiljena nau\u010diti urejanja lastnih psov, tudi za razstave. Zaradi pomanjkanja izku\u0161enih pasjih frizerjev pa sem mnogokrat prisko\u010dila na pomo\u010d pri urejanju tudi kak\u0161nega \u201cpasjega\u201d prijatelja. Da bi pridobila dodatno znanje in izku\u0161nje, sem uspe\u0161no zaklju\u010dila tudi \u0161olanje pri mednarodno priznani pasji frizerki.<\/p>\t\t\t\t\t\t\t\t<\/div>\n\t\t\t\t<\/div>\n\t\t\t\t\t<\/div>\n\t\t<\/div>\n\t\t\t\t\t<\/div>\n\t\t<\/section>\n\t\t\t\t<\/div>\n\t\t","protected":false},"excerpt":{"rendered":"<p>O salonu \u0160nauci Prijazen salon za urejanje\u00a0 pasjih kosmatincev. Nudimo vse, da bo va\u0161 ku\u017ea \u010dist in urejen \u2013 ga po\u010de\u0161emo, skopamo, pristri\u017eemo krempelj\u010dke, o\u010distimo ta\u010dke in uhlje, postri\u017eemo ali trmamo, ter na koncu nagradimo za potrpe\u017eljivost. Sprejemamo vse pasme psov. Lastnikom \u00a0tudi svetujemo kako sami urejajo psa med ali namesto obiskov salona in priporo\u010damo [&hellip;]<\/p>\n","protected":false},"author":1,"featured_media":0,"parent":0,"menu_order":0,"comment_status":"closed","ping_status":"closed","template":"","meta":{"footnotes":""},"class_list":["post-266","page","type-page","status-publish","hentry"],"_links":{"self":[{"href":"https:\/\/www.snauci.si\/index.php\/wp-json\/wp\/v2\/pages\/266","targetHints":{"allow":["GET"]}}],"collection":[{"href":"https:\/\/www.snauci.si\/index.php\/wp-json\/wp\/v2\/pages"}],"about":[{"href":"https:\/\/www.snauci.si\/index.php\/wp-json\/wp\/v2\/types\/page"}],"author":[{"embeddable":true,"href":"https:\/\/www.snauci.si\/index.php\/wp-json\/wp\/v2\/users\/1"}],"replies":[{"embeddable":true,"href":"https:\/\/www.snauci.si\/index.php\/wp-json\/wp\/v2\/comments?post=266"}],"version-history":[{"count":7,"href":"https:\/\/www.snauci.si\/index.php\/wp-json\/wp\/v2\/pages\/266\/revisions"}],"predecessor-version":[{"id":301,"href":"https:\/\/www.snauci.si\/index.php\/wp-json\/wp\/v2\/pages\/266\/revisions\/301"}],"wp:attachment":[{"href":"https:\/\/www.snauci.si\/index.php\/wp-json\/wp\/v2\/media?parent=266"}],"curies":[{"name":"wp","href":"https:\/\/api.w.org\/{rel}","templated":true}]}}